{"id":470,"date":"2023-12-31T14:17:24","date_gmt":"2023-12-31T17:17:24","guid":{"rendered":"https:\/\/ferroluz.com.br\/?page_id=470"},"modified":"2023-12-31T14:34:13","modified_gmt":"2023-12-31T17:34:13","slug":"prateleira-industrial-ferroluz","status":"publish","type":"page","link":"https:\/\/ferroluz.com.br\/index.php\/prateleira-industrial-ferroluz\/","title":{"rendered":"Prateleira Industrial Ferroluz"},"content":{"rendered":"\t\t<div data-elementor-type=\"wp-page\" data-elementor-id=\"470\" class=\"elementor elementor-470\">\n\t\t\t\t\t\t\t<div class=\"elementor-element elementor-element-bfce8a1 e-con-full e-flex e-con e-parent\" data-id=\"bfce8a1\" data-element_type=\"container\" data-settings=\"{&quot;content_width&quot;:&quot;full&quot;,&quot;container_type&quot;:&quot;flex&quot;}\" data-core-v316-plus=\"true\">\n\t\t<div class=\"elementor-element elementor-element-706d0ab e-con-full e-flex e-con e-child\" data-id=\"706d0ab\" data-element_type=\"container\" data-settings=\"{&quot;content_width&quot;:&quot;full&quot;,&quot;container_type&quot;:&quot;flex&quot;}\">\n\t\t<div class=\"elementor-element elementor-element-4b6ee55 e-con-full e-flex e-con e-child\" data-id=\"4b6ee55\" data-element_type=\"container\" data-settings=\"{&quot;content_width&quot;:&quot;full&quot;,&quot;background_background&quot;:&quot;classic&quot;,&quot;container_type&quot;:&quot;flex&quot;}\">\n\t\t\t\t<\/div>\n\t\t\t\t<\/div>\n\t\t\t\t<\/div>\n\t\t<div class=\"elementor-element elementor-element-e3cc8f0 e-con-full e-flex e-con e-parent\" data-id=\"e3cc8f0\" data-element_type=\"container\" data-settings=\"{&quot;content_width&quot;:&quot;full&quot;,&quot;container_type&quot;:&quot;flex&quot;}\" data-core-v316-plus=\"true\">\n\t\t<div class=\"elementor-element elementor-element-1096aba e-flex e-con-boxed e-con e-child\" data-id=\"1096aba\" data-element_type=\"container\" data-settings=\"{&quot;container_type&quot;:&quot;flex&quot;,&quot;content_width&quot;:&quot;boxed&quot;}\">\n\t\t\t\t\t<div class=\"e-con-inner\">\n\t\t<div class=\"elementor-element elementor-element-92cb1ef e-flex e-con-boxed e-con e-child\" data-id=\"92cb1ef\" data-element_type=\"container\" data-settings=\"{&quot;container_type&quot;:&quot;flex&quot;,&quot;content_width&quot;:&quot;boxed&quot;}\">\n\t\t\t\t\t<div class=\"e-con-inner\">\n\t\t<div class=\"elementor-element elementor-element-8ee4421 e-con-full e-flex e-con e-child\" data-id=\"8ee4421\" data-element_type=\"container\" data-settings=\"{&quot;content_width&quot;:&quot;full&quot;,&quot;container_type&quot;:&quot;flex&quot;}\">\n\t\t\t\t<div class=\"elementor-element elementor-element-dfe9af8 elementor-widget elementor-widget-image\" data-id=\"dfe9af8\" data-element_type=\"widget\" data-widget_type=\"image.default\">\n\t\t\t\t<div class=\"elementor-widget-container\">\n\t\t\t<style>\/*! elementor - v3.18.0 - 08-12-2023 *\/\n.elementor-widget-image{text-align:center}.elementor-widget-image a{display:inline-block}.elementor-widget-image a img[src$=\".svg\"]{width:48px}.elementor-widget-image img{vertical-align:middle;display:inline-block}<\/style>\t\t\t\t\t\t\t\t\t\t\t\t<img fetchpriority=\"high\" decoding=\"async\" width=\"800\" height=\"609\" src=\"https:\/\/ferroluz.com.br\/wp-content\/uploads\/2023\/10\/logo-ferroluz-1024x779.jpg\" class=\"attachment-large size-large wp-image-18\" alt=\"\" srcset=\"https:\/\/ferroluz.com.br\/wp-content\/uploads\/2023\/10\/logo-ferroluz-1024x779.jpg 1024w, https:\/\/ferroluz.com.br\/wp-content\/uploads\/2023\/10\/logo-ferroluz-300x228.jpg 300w, https:\/\/ferroluz.com.br\/wp-content\/uploads\/2023\/10\/logo-ferroluz-768x584.jpg 768w, https:\/\/ferroluz.com.br\/wp-content\/uploads\/2023\/10\/logo-ferroluz-1536x1168.jpg 1536w, https:\/\/ferroluz.com.br\/wp-content\/uploads\/2023\/10\/logo-ferroluz-2048x1558.jpg 2048w\" sizes=\"(max-width: 800px) 100vw, 800px\" \/>\t\t\t\t\t\t\t\t\t\t\t\t\t\t\t<\/div>\n\t\t\t\t<\/div>\n\t\t\t\t<\/div>\n\t\t<div class=\"elementor-element elementor-element-4f23703 e-con-full e-flex e-con e-child\" data-id=\"4f23703\" data-element_type=\"container\" data-settings=\"{&quot;content_width&quot;:&quot;full&quot;,&quot;container_type&quot;:&quot;flex&quot;}\">\n\t\t\t\t<div class=\"elementor-element elementor-element-f81c82d elementor-nav-menu--dropdown-tablet elementor-nav-menu__text-align-aside elementor-nav-menu--toggle elementor-nav-menu--burger elementor-widget elementor-widget-nav-menu\" data-id=\"f81c82d\" data-element_type=\"widget\" data-settings=\"{&quot;layout&quot;:&quot;horizontal&quot;,&quot;submenu_icon&quot;:{&quot;value&quot;:&quot;&lt;i class=\\&quot;fas fa-caret-down\\&quot;&gt;&lt;\\\/i&gt;&quot;,&quot;library&quot;:&quot;fa-solid&quot;},&quot;toggle&quot;:&quot;burger&quot;}\" data-widget_type=\"nav-menu.default\">\n\t\t\t\t<div class=\"elementor-widget-container\">\n\t\t\t<link rel=\"stylesheet\" href=\"https:\/\/ferroluz.com.br\/wp-content\/plugins\/elementor-pro\/assets\/css\/widget-nav-menu.min.css\">\t\t\t<nav migration_allowed=\"1\" migrated=\"0\" role=\"navigation\" class=\"elementor-nav-menu--main elementor-nav-menu__container elementor-nav-menu--layout-horizontal e--pointer-underline e--animation-fade\">\n\t\t\t\t<ul id=\"menu-1-f81c82d\" class=\"elementor-nav-menu\"><li class=\"menu-item menu-item-type-post_type menu-item-object-page menu-item-14\"><a href=\"https:\/\/ferroluz.com.br\/index.php\/moveis-industriais\/\" class=\"elementor-item\">M\u00f3veis Industriais<\/a><\/li>\n<li class=\"menu-item menu-item-type-post_type menu-item-object-page menu-item-595\"><a href=\"https:\/\/ferroluz.com.br\/index.php\/luminarias\/\" class=\"elementor-item\">Lumin\u00e1rias<\/a><\/li>\n<li class=\"menu-item menu-item-type-post_type menu-item-object-page menu-item-608\"><a href=\"https:\/\/ferroluz.com.br\/index.php\/fibra-sintetica\/\" class=\"elementor-item\">Fibra Sint\u00e9tica<\/a><\/li>\n<li class=\"menu-item menu-item-type-post_type menu-item-object-page menu-item-13\"><a href=\"https:\/\/ferroluz.com.br\/index.php\/iluminacao\/\" class=\"elementor-item\">Natal<\/a><\/li>\n<li class=\"menu-item menu-item-type-post_type menu-item-object-page menu-item-home menu-item-15\"><a href=\"https:\/\/ferroluz.com.br\/\" class=\"elementor-item\">Home<\/a><\/li>\n<\/ul>\t\t\t<\/nav>\n\t\t\t\t\t<div class=\"elementor-menu-toggle\" role=\"button\" tabindex=\"0\" aria-label=\"Menu Toggle\" aria-expanded=\"false\">\n\t\t\t<i aria-hidden=\"true\" role=\"presentation\" class=\"elementor-menu-toggle__icon--open eicon-menu-bar\"><\/i><i aria-hidden=\"true\" role=\"presentation\" class=\"elementor-menu-toggle__icon--close eicon-close\"><\/i>\t\t\t<span class=\"elementor-screen-only\">Menu<\/span>\n\t\t<\/div>\n\t\t\t<nav class=\"elementor-nav-menu--dropdown elementor-nav-menu__container\" role=\"navigation\" aria-hidden=\"true\">\n\t\t\t\t<ul id=\"menu-2-f81c82d\" class=\"elementor-nav-menu\"><li class=\"menu-item menu-item-type-post_type menu-item-object-page menu-item-14\"><a href=\"https:\/\/ferroluz.com.br\/index.php\/moveis-industriais\/\" class=\"elementor-item\" tabindex=\"-1\">M\u00f3veis Industriais<\/a><\/li>\n<li class=\"menu-item menu-item-type-post_type menu-item-object-page menu-item-595\"><a href=\"https:\/\/ferroluz.com.br\/index.php\/luminarias\/\" class=\"elementor-item\" tabindex=\"-1\">Lumin\u00e1rias<\/a><\/li>\n<li class=\"menu-item menu-item-type-post_type menu-item-object-page menu-item-608\"><a href=\"https:\/\/ferroluz.com.br\/index.php\/fibra-sintetica\/\" class=\"elementor-item\" tabindex=\"-1\">Fibra Sint\u00e9tica<\/a><\/li>\n<li class=\"menu-item menu-item-type-post_type menu-item-object-page menu-item-13\"><a href=\"https:\/\/ferroluz.com.br\/index.php\/iluminacao\/\" class=\"elementor-item\" tabindex=\"-1\">Natal<\/a><\/li>\n<li class=\"menu-item menu-item-type-post_type menu-item-object-page menu-item-home menu-item-15\"><a href=\"https:\/\/ferroluz.com.br\/\" class=\"elementor-item\" tabindex=\"-1\">Home<\/a><\/li>\n<\/ul>\t\t\t<\/nav>\n\t\t\t\t<\/div>\n\t\t\t\t<\/div>\n\t\t\t\t<\/div>\n\t\t\t\t\t<\/div>\n\t\t\t\t<\/div>\n\t\t\t\t\t<\/div>\n\t\t\t\t<\/div>\n\t\t\t\t<\/div>\n\t\t<div class=\"elementor-element elementor-element-9f7d154 e-con-full e-flex e-con e-parent\" data-id=\"9f7d154\" data-element_type=\"container\" data-settings=\"{&quot;content_width&quot;:&quot;full&quot;,&quot;container_type&quot;:&quot;flex&quot;}\" data-core-v316-plus=\"true\">\n\t\t\t\t<div class=\"elementor-element elementor-element-2818a6b elementor-widget elementor-widget-heading\" data-id=\"2818a6b\" data-element_type=\"widget\" data-widget_type=\"heading.default\">\n\t\t\t\t<div class=\"elementor-widget-container\">\n\t\t\t<style>\/*! elementor - v3.18.0 - 08-12-2023 *\/\n.elementor-heading-title{padding:0;margin:0;line-height:1}.elementor-widget-heading .elementor-heading-title[class*=elementor-size-]>a{color:inherit;font-size:inherit;line-height:inherit}.elementor-widget-heading .elementor-heading-title.elementor-size-small{font-size:15px}.elementor-widget-heading .elementor-heading-title.elementor-size-medium{font-size:19px}.elementor-widget-heading .elementor-heading-title.elementor-size-large{font-size:29px}.elementor-widget-heading .elementor-heading-title.elementor-size-xl{font-size:39px}.elementor-widget-heading .elementor-heading-title.elementor-size-xxl{font-size:59px}<\/style><h2 class=\"elementor-heading-title elementor-size-default\">Prateleira Industrial Ferroluz 2 Andares<\/h2>\t\t<\/div>\n\t\t\t\t<\/div>\n\t\t\t\t<div class=\"elementor-element elementor-element-e8dc464 elementor-widget elementor-widget-text-editor\" data-id=\"e8dc464\" data-element_type=\"widget\" data-widget_type=\"text-editor.default\">\n\t\t\t\t<div class=\"elementor-widget-container\">\n\t\t\t<style>\/*! elementor - v3.18.0 - 08-12-2023 *\/\n.elementor-widget-text-editor.elementor-drop-cap-view-stacked .elementor-drop-cap{background-color:#69727d;color:#fff}.elementor-widget-text-editor.elementor-drop-cap-view-framed .elementor-drop-cap{color:#69727d;border:3px solid;background-color:transparent}.elementor-widget-text-editor:not(.elementor-drop-cap-view-default) .elementor-drop-cap{margin-top:8px}.elementor-widget-text-editor:not(.elementor-drop-cap-view-default) .elementor-drop-cap-letter{width:1em;height:1em}.elementor-widget-text-editor .elementor-drop-cap{float:left;text-align:center;line-height:1;font-size:50px}.elementor-widget-text-editor .elementor-drop-cap-letter{display:inline-block}<\/style>\t\t\t\t<p>Especifica\u00e7\u00f5es T\u00e9cnicas<\/p>\t\t\t\t\t\t<\/div>\n\t\t\t\t<\/div>\n\t\t\t\t<\/div>\n\t\t<div class=\"elementor-element elementor-element-55fe34c e-flex e-con-boxed e-con e-parent\" data-id=\"55fe34c\" data-element_type=\"container\" data-settings=\"{&quot;background_background&quot;:&quot;classic&quot;,&quot;container_type&quot;:&quot;flex&quot;,&quot;content_width&quot;:&quot;boxed&quot;}\" data-core-v316-plus=\"true\">\n\t\t\t\t\t<div class=\"e-con-inner\">\n\t\t<div class=\"elementor-element elementor-element-0f1e23e e-con-full e-flex e-con e-child\" data-id=\"0f1e23e\" data-element_type=\"container\" data-settings=\"{&quot;content_width&quot;:&quot;full&quot;,&quot;container_type&quot;:&quot;flex&quot;}\">\n\t\t\t\t<div class=\"elementor-element elementor-element-0318676 elementor-widget elementor-widget-image\" data-id=\"0318676\" data-element_type=\"widget\" data-widget_type=\"image.default\">\n\t\t\t\t<div class=\"elementor-widget-container\">\n\t\t\t\t\t\t\t\t\t\t\t\t\t\t\t<img decoding=\"async\" width=\"1024\" height=\"1024\" src=\"https:\/\/ferroluz.com.br\/wp-content\/uploads\/2023\/10\/aefe3b74ad6d9cc9c0765ba884619199-1.jpg\" class=\"attachment-2048x2048 size-2048x2048 wp-image-128\" alt=\"\" srcset=\"https:\/\/ferroluz.com.br\/wp-content\/uploads\/2023\/10\/aefe3b74ad6d9cc9c0765ba884619199-1.jpg 1024w, https:\/\/ferroluz.com.br\/wp-content\/uploads\/2023\/10\/aefe3b74ad6d9cc9c0765ba884619199-1-300x300.jpg 300w, https:\/\/ferroluz.com.br\/wp-content\/uploads\/2023\/10\/aefe3b74ad6d9cc9c0765ba884619199-1-150x150.jpg 150w, https:\/\/ferroluz.com.br\/wp-content\/uploads\/2023\/10\/aefe3b74ad6d9cc9c0765ba884619199-1-768x768.jpg 768w\" sizes=\"(max-width: 1024px) 100vw, 1024px\" \/>\t\t\t\t\t\t\t\t\t\t\t\t\t\t\t<\/div>\n\t\t\t\t<\/div>\n\t\t\t\t<div class=\"elementor-element elementor-element-dcb7634 elementor-widget elementor-widget-text-editor\" data-id=\"dcb7634\" data-element_type=\"widget\" data-widget_type=\"text-editor.default\">\n\t\t\t\t<div class=\"elementor-widget-container\">\n\t\t\t\t\t\t\t<p><strong>(OBS) Acompanha neste KIT 2 Suportes e 2 MDF<\/strong>\u00a0<\/p>\t\t\t\t\t\t<\/div>\n\t\t\t\t<\/div>\n\t\t\t\t<\/div>\n\t\t<div class=\"elementor-element elementor-element-13a14a9 e-con-full e-flex e-con e-child\" data-id=\"13a14a9\" data-element_type=\"container\" data-settings=\"{&quot;content_width&quot;:&quot;full&quot;,&quot;container_type&quot;:&quot;flex&quot;}\">\n\t\t\t\t<div class=\"elementor-element elementor-element-fc9d5d8 elementor-widget elementor-widget-text-editor\" data-id=\"fc9d5d8\" data-element_type=\"widget\" data-widget_type=\"text-editor.default\">\n\t\t\t\t<div class=\"elementor-widget-container\">\n\t\t\t\t\t\t\t<h4><strong>Medidas Suportes :<\/strong><\/h4><p><strong>Largura\u00a0<\/strong>2cm<\/p><p><strong>Profundidade\u00a0<\/strong>29cm<\/p><p><b>Altura <\/b>75 cm<\/p><h4 style=\"font-family: Roboto, sans-serif; color: #ffffff;\"><span style=\"font-weight: bolder;\">Medidas MDF :<\/span><\/h4><p><span style=\"font-weight: bolder;\">Comprimento\u00a0<\/span>60 cm<\/p><p><span style=\"font-weight: bolder;\">Largura <\/span>25 cm<\/p><p><span style=\"text-align: var(--text-align); font-weight: bold;\">Altura\u00a0<\/span><span style=\"text-align: var(--text-align);\">15mm<\/span><\/p><p><b style=\"font-size: 1.5rem; text-align: var(--text-align);\">Especifica\u00e7\u00f5es T\u00e9cnicas<\/b><\/p><div><p><span style=\"font-weight: bold;\">Ferro\u00a0<\/span>A\u00e7o Carbono<\/p><p><span style=\"font-weight: bold;\">Pintura <\/span>Automotiva\u00a0<\/p><p><span style=\"font-weight: bold;\">Cor <\/span>Dourado \/ Branco<\/p><p><strong>Madeira<\/strong> MDF 15mm<\/p><\/div>\t\t\t\t\t\t<\/div>\n\t\t\t\t<\/div>\n\t\t\t\t<\/div>\n\t\t\t\t\t<\/div>\n\t\t\t\t<\/div>\n\t\t<div class=\"elementor-element elementor-element-5928f03 e-flex e-con-boxed e-con e-parent\" data-id=\"5928f03\" data-element_type=\"container\" data-settings=\"{&quot;container_type&quot;:&quot;flex&quot;,&quot;content_width&quot;:&quot;boxed&quot;}\" data-core-v316-plus=\"true\">\n\t\t\t\t\t<div class=\"e-con-inner\">\n\t\t<div class=\"elementor-element elementor-element-573b339 e-con-full e-flex e-con e-child\" data-id=\"573b339\" data-element_type=\"container\" data-settings=\"{&quot;content_width&quot;:&quot;full&quot;,&quot;container_type&quot;:&quot;flex&quot;}\">\n\t\t\t\t<div class=\"elementor-element elementor-element-dc77e55 elementor-widget elementor-widget-text-editor\" data-id=\"dc77e55\" data-element_type=\"widget\" data-widget_type=\"text-editor.default\">\n\t\t\t\t<div class=\"elementor-widget-container\">\n\t\t\t\t\t\t\t<ol><li><p><strong>Organiza\u00e7\u00e3o com Estilo Industrial:<\/strong><\/p><p>Apresentamos a Prateleira Industrial Ferroluz, uma solu\u00e7\u00e3o vers\u00e1til que une funcionalidade e design \u00fanico, perfeita para uso em casa ou no com\u00e9rcio.<\/p><p><strong>Por que escolher a Prateleira Industrial Ferroluz?<\/strong><\/p><ol><li><p><strong>Estilo Moderno e Robusto:<\/strong> Com um design industrial marcante, a prateleira \u00e9 fabricada com materiais de alta resist\u00eancia, proporcionando uma est\u00e9tica moderna e robusta.<\/p><\/li><li><p><strong>Adaptabilidade Vers\u00e1til:<\/strong> Apropriada tanto para espa\u00e7os residenciais quanto comerciais, a Prateleira Industrial Ferroluz \u00e9 vers\u00e1til e se integra perfeitamente a diversos ambientes.<\/p><\/li><li><p><strong>Fixa\u00e7\u00e3o Flex\u00edvel:<\/strong> Pode ser facilmente parafusada no teto ou na parede, permitindo uma instala\u00e7\u00e3o personalizada de acordo com as necessidades do espa\u00e7o.<\/p><\/li><li><p><strong>Durabilidade Garantida:<\/strong> Constru\u00edda para resistir ao uso cotidiano, a prateleira oferece durabilidade e confiabilidade, mantendo suas propriedades ao longo do tempo.<\/p><\/li><\/ol><p><strong>Transforme Seu Espa\u00e7o com a Prateleira Industrial Ferroluz!<\/strong><\/p><p>Adquira agora uma pe\u00e7a que alia funcionalidade e estilo industrial. Escolha a Prateleira Industrial Ferroluz para organizar com eleg\u00e2ncia e modernidade, seja em casa ou no seu estabelecimento comercial.<\/p><\/li><\/ol>\t\t\t\t\t\t<\/div>\n\t\t\t\t<\/div>\n\t\t\t\t<\/div>\n\t\t<div class=\"elementor-element elementor-element-47df0c9 e-con-full e-flex e-con e-child\" data-id=\"47df0c9\" data-element_type=\"container\" data-settings=\"{&quot;content_width&quot;:&quot;full&quot;,&quot;container_type&quot;:&quot;flex&quot;}\">\n\t\t\t\t<div class=\"elementor-element elementor-element-eca1778 elementor-widget elementor-widget-image\" data-id=\"eca1778\" data-element_type=\"widget\" data-widget_type=\"image.default\">\n\t\t\t\t<div class=\"elementor-widget-container\">\n\t\t\t\t\t\t\t\t\t\t\t\t\t\t\t<img decoding=\"async\" width=\"800\" height=\"800\" src=\"https:\/\/ferroluz.com.br\/wp-content\/uploads\/2023\/10\/81wB0oSRGL._AC_UF8941000_QL80_.jpg\" class=\"attachment-large size-large wp-image-127\" alt=\"\" srcset=\"https:\/\/ferroluz.com.br\/wp-content\/uploads\/2023\/10\/81wB0oSRGL._AC_UF8941000_QL80_.jpg 894w, https:\/\/ferroluz.com.br\/wp-content\/uploads\/2023\/10\/81wB0oSRGL._AC_UF8941000_QL80_-300x300.jpg 300w, https:\/\/ferroluz.com.br\/wp-content\/uploads\/2023\/10\/81wB0oSRGL._AC_UF8941000_QL80_-150x150.jpg 150w, https:\/\/ferroluz.com.br\/wp-content\/uploads\/2023\/10\/81wB0oSRGL._AC_UF8941000_QL80_-768x768.jpg 768w\" sizes=\"(max-width: 800px) 100vw, 800px\" \/>\t\t\t\t\t\t\t\t\t\t\t\t\t\t\t<\/div>\n\t\t\t\t<\/div>\n\t\t\t\t<\/div>\n\t\t\t\t\t<\/div>\n\t\t\t\t<\/div>\n\t\t<div class=\"elementor-element elementor-element-cdcb8d3 e-flex e-con-boxed e-con e-parent\" data-id=\"cdcb8d3\" data-element_type=\"container\" data-settings=\"{&quot;container_type&quot;:&quot;flex&quot;,&quot;content_width&quot;:&quot;boxed&quot;}\" data-core-v316-plus=\"true\">\n\t\t\t\t\t<div class=\"e-con-inner\">\n\t\t\t\t<div class=\"elementor-element elementor-element-48302ea elementor-widget elementor-widget-heading\" data-id=\"48302ea\" data-element_type=\"widget\" data-widget_type=\"heading.default\">\n\t\t\t\t<div class=\"elementor-widget-container\">\n\t\t\t<h2 class=\"elementor-heading-title elementor-size-default\">APENAS R$269,00<\/h2>\t\t<\/div>\n\t\t\t\t<\/div>\n\t\t\t\t<div class=\"elementor-element elementor-element-fa48518 elementor-align-center elementor-widget elementor-widget-button\" data-id=\"fa48518\" data-element_type=\"widget\" data-widget_type=\"button.default\">\n\t\t\t\t<div class=\"elementor-widget-container\">\n\t\t\t\t\t<div class=\"elementor-button-wrapper\">\n\t\t\t<a class=\"elementor-button elementor-button-link elementor-size-xl\" href=\"https:\/\/mpago.la\/1hwe7zu\">\n\t\t\t\t\t\t<span class=\"elementor-button-content-wrapper\">\n\t\t\t\t\t\t<span class=\"elementor-button-text\">Comprar Agora<\/span>\n\t\t<\/span>\n\t\t\t\t\t<\/a>\n\t\t<\/div>\n\t\t\t\t<\/div>\n\t\t\t\t<\/div>\n\t\t\t\t\t<\/div>\n\t\t\t\t<\/div>\n\t\t<div class=\"elementor-element elementor-element-8bdaf83 e-flex e-con-boxed e-con e-parent\" data-id=\"8bdaf83\" data-element_type=\"container\" data-settings=\"{&quot;container_type&quot;:&quot;flex&quot;,&quot;content_width&quot;:&quot;boxed&quot;}\" data-core-v316-plus=\"true\">\n\t\t\t\t\t<div class=\"e-con-inner\">\n\t\t\t\t<div class=\"elementor-element elementor-element-72c2263 elementor-widget elementor-widget-image\" data-id=\"72c2263\" data-element_type=\"widget\" data-widget_type=\"image.default\">\n\t\t\t\t<div class=\"elementor-widget-container\">\n\t\t\t\t\t\t\t\t\t\t\t\t\t\t\t<img loading=\"lazy\" decoding=\"async\" width=\"800\" height=\"314\" src=\"https:\/\/ferroluz.com.br\/wp-content\/uploads\/2023\/12\/mercado-pago-branco.png\" class=\"attachment-large size-large wp-image-290\" alt=\"\" srcset=\"https:\/\/ferroluz.com.br\/wp-content\/uploads\/2023\/12\/mercado-pago-branco.png 900w, https:\/\/ferroluz.com.br\/wp-content\/uploads\/2023\/12\/mercado-pago-branco-300x118.png 300w, https:\/\/ferroluz.com.br\/wp-content\/uploads\/2023\/12\/mercado-pago-branco-768x301.png 768w, https:\/\/ferroluz.com.br\/wp-content\/uploads\/2023\/12\/mercado-pago-branco-600x235.png 600w\" sizes=\"(max-width: 800px) 100vw, 800px\" \/>\t\t\t\t\t\t\t\t\t\t\t\t\t\t\t<\/div>\n\t\t\t\t<\/div>\n\t\t\t\t\t<\/div>\n\t\t\t\t<\/div>\n\t\t<div class=\"elementor-element elementor-element-0dce919 e-con-full e-flex e-con e-parent\" data-id=\"0dce919\" data-element_type=\"container\" data-settings=\"{&quot;background_background&quot;:&quot;classic&quot;,&quot;content_width&quot;:&quot;full&quot;,&quot;container_type&quot;:&quot;flex&quot;}\" data-core-v316-plus=\"true\">\n\t\t<div class=\"elementor-element elementor-element-66c86af e-flex e-con-boxed e-con e-child\" data-id=\"66c86af\" data-element_type=\"container\" data-settings=\"{&quot;container_type&quot;:&quot;flex&quot;,&quot;content_width&quot;:&quot;boxed&quot;}\">\n\t\t\t\t\t<div class=\"e-con-inner\">\n\t\t\t\t\t<\/div>\n\t\t\t\t<\/div>\n\t\t\t\t<div class=\"elementor-element elementor-element-0ff09c6 elementor-align-right elementor-widget elementor-widget-button\" data-id=\"0ff09c6\" data-element_type=\"widget\" data-widget_type=\"button.default\">\n\t\t\t\t<div class=\"elementor-widget-container\">\n\t\t\t\t\t<div class=\"elementor-button-wrapper\">\n\t\t\t<a class=\"elementor-button elementor-button-link elementor-size-xs\" href=\"https:\/\/www.google.com.br\/search?q=18.118.206%2F0001-86&#038;sca_esv=594747580&#038;sxsrf=AM9HkKkAuP9oBSTyjznZcBLG01YUVoPOYw%3A1704030044992&#038;source=hp&#038;ei=XG-RZYCxOsWN5OUPva2QqAo&#038;iflsig=AO6bgOgAAAAAZZF9bAL-vHkw-58RHkV72ueigHvQ4y1y&#038;ved=0ahUKEwiAz5DM5rmDAxXFBrkGHb0WBKUQ4dUDCAs&#038;uact=5&#038;oq=18.118.206%2F0001-86&#038;gs_lp=Egdnd3Mtd2l6GgIYAiISMTguMTE4LjIwNi8wMDAxLTg2MgQQIxgnSNYsULgEWLYlcAF4AJABAJgBf6AByQ6qAQQ2LjEyuAEDyAEA-AEBqAIKwgIHECMY6gIYJ8ICCBAAGIAEGLEDwgILEAAYgAQYsQMYgwHCAg4QABiABBixAxiDARiLA8ICCBAAGIAEGIsDwgILEAAYgAQYsQMYiwPCAgUQLhiABMICERAAGIAEGIoFGLEDGIMBGIsDwgIREC4YgAQYsQMYiwMYqAMYmAPCAhQQLhiDARixAxiABBiLAxioAxijA8ICFBAuGIAEGLEDGIMBGIsDGKgDGKMDwgIFEAAYgATCAgcQLhiABBgTwgIHEAAYgAQYE8ICCBAAGB4YDxgTwgIIEAAYBRgeGBPCAgYQABgeGA_CAgYQABgFGB4&#038;sclient=gws-wiz\" target=\"_blank\">\n\t\t\t\t\t\t<span class=\"elementor-button-content-wrapper\">\n\t\t\t\t\t\t<span class=\"elementor-button-text\">Consulte Aqui<\/span>\n\t\t<\/span>\n\t\t\t\t\t<\/a>\n\t\t<\/div>\n\t\t\t\t<\/div>\n\t\t\t\t<\/div>\n\t\t\t\t<\/div>\n\t\t<div class=\"elementor-element elementor-element-ff9bfdc e-flex e-con-boxed e-con e-parent\" data-id=\"ff9bfdc\" data-element_type=\"container\" data-settings=\"{&quot;container_type&quot;:&quot;flex&quot;,&quot;content_width&quot;:&quot;boxed&quot;}\" data-core-v316-plus=\"true\">\n\t\t\t\t\t<div class=\"e-con-inner\">\n\t\t\t\t<div class=\"elementor-element elementor-element-3038268 elementor-align-center elementor-widget elementor-widget-button\" data-id=\"3038268\" data-element_type=\"widget\" data-widget_type=\"button.default\">\n\t\t\t\t<div class=\"elementor-widget-container\">\n\t\t\t\t\t<div class=\"elementor-button-wrapper\">\n\t\t\t<a class=\"elementor-button elementor-button-link elementor-size-sm\" href=\"https:\/\/ferroluz.com.br\/index.php\/moveis-industriais\/\">\n\t\t\t\t\t\t<span class=\"elementor-button-content-wrapper\">\n\t\t\t\t\t\t<span class=\"elementor-button-text\">RETORNAR \u00c0S OP\u00c7\u00d5ES<\/span>\n\t\t<\/span>\n\t\t\t\t\t<\/a>\n\t\t<\/div>\n\t\t\t\t<\/div>\n\t\t\t\t<\/div>\n\t\t\t\t\t<\/div>\n\t\t\t\t<\/div>\n\t\t<div class=\"elementor-element elementor-element-a7d4e07 e-flex e-con-boxed e-con e-parent\" data-id=\"a7d4e07\" data-element_type=\"container\" data-settings=\"{&quot;background_background&quot;:&quot;classic&quot;,&quot;container_type&quot;:&quot;flex&quot;,&quot;content_width&quot;:&quot;boxed&quot;}\" data-core-v316-plus=\"true\">\n\t\t\t\t\t<div class=\"e-con-inner\">\n\t\t\t\t<div class=\"elementor-element elementor-element-d43b07f elementor-widget elementor-widget-text-editor\" data-id=\"d43b07f\" data-element_type=\"widget\" data-widget_type=\"text-editor.default\">\n\t\t\t\t<div class=\"elementor-widget-container\">\n\t\t\t\t\t\t\t<p>FERROLUZ M\u00d3VEIS INDUSTRIAIS E ILUMINA\u00c7\u00c3O LTDA\u00a0\u00a0<span style=\"color: orange;\"> 2013 &#8211; 2024<b>\u00a0\u00a0\u00a0 | <\/b><\/span>\u00a0 \u00a0C.N.P.J 18.118.206\/0001-86<span style=\"color: orange;\"><b> \u00a0\u00a0 |\u00a0 \u00a0<\/b><\/span>(44)97400-1665<\/p>\t\t\t\t\t\t<\/div>\n\t\t\t\t<\/div>\n\t\t\t\t\t<\/div>\n\t\t\t\t<\/div>\n\t\t\t\t\t\t\t<\/div>\n\t\t","protected":false},"excerpt":{"rendered":"<p>Prateleira Industrial Ferroluz 2 Andares Especifica\u00e7\u00f5es T\u00e9cnicas (OBS) Acompanha neste KIT 2 Suportes e 2 MDF\u00a0 Medidas Suportes : Largura\u00a02cm Profundidade\u00a029cm Altura 75 cm Medidas MDF : Comprimento\u00a060 cm Largura 25 cm Altura\u00a015mm Especifica\u00e7\u00f5es T\u00e9cnicas Ferro\u00a0A\u00e7o Carbono Pintura Automotiva\u00a0 Cor Dourado \/ Branco Madeira MDF 15mm Organiza\u00e7\u00e3o com Estilo Industrial: Apresentamos a Prateleira Industrial Ferroluz, [&hellip;]<\/p>\n","protected":false},"author":1,"featured_media":0,"parent":0,"menu_order":0,"comment_status":"closed","ping_status":"closed","template":"elementor_canvas","meta":{"footnotes":""},"jetpack_sharing_enabled":true,"_links":{"self":[{"href":"https:\/\/ferroluz.com.br\/index.php\/wp-json\/wp\/v2\/pages\/470"}],"collection":[{"href":"https:\/\/ferroluz.com.br\/index.php\/wp-json\/wp\/v2\/pages"}],"about":[{"href":"https:\/\/ferroluz.com.br\/index.php\/wp-json\/wp\/v2\/types\/page"}],"author":[{"embeddable":true,"href":"https:\/\/ferroluz.com.br\/index.php\/wp-json\/wp\/v2\/users\/1"}],"replies":[{"embeddable":true,"href":"https:\/\/ferroluz.com.br\/index.php\/wp-json\/wp\/v2\/comments?post=470"}],"version-history":[{"count":40,"href":"https:\/\/ferroluz.com.br\/index.php\/wp-json\/wp\/v2\/pages\/470\/revisions"}],"predecessor-version":[{"id":514,"href":"https:\/\/ferroluz.com.br\/index.php\/wp-json\/wp\/v2\/pages\/470\/revisions\/514"}],"wp:attachment":[{"href":"https:\/\/ferroluz.com.br\/index.php\/wp-json\/wp\/v2\/media?parent=470"}],"curies":[{"name":"wp","href":"https:\/\/api.w.org\/{rel}","templated":true}]}}